{"id":27,"date":"2018-07-11T20:39:53","date_gmt":"2018-07-11T18:39:53","guid":{"rendered":"http:\/\/35ppp.de\/theresa\/?page_id=27"},"modified":"2018-08-04T22:19:08","modified_gmt":"2018-08-04T20:19:08","slug":"wer-bin-ich","status":"publish","type":"page","link":"https:\/\/35ppp.de\/theresa\/wer-bin-ich\/","title":{"rendered":"Wer bin ich?"},"content":{"rendered":"<h3><span style=\"color: #800000\"><strong>\u00a0Hi na?<\/strong><\/span><\/h3>\n<p><span style=\"color: #808080\">Ich bin Theresa, 23 Jahre alt und komme urspr\u00fcnglich aus einem kleinen Dorf in der N\u00e4he von Bad Hersfeld. Nach meinem Abitur habe ich ein FSJ im Krankenhaus absolviert und mich 2015 f\u00fcr eine Ausbildung entschieden.<\/span><\/p>\n<p><span style=\"color: #808080\">Und das war tats\u00e4chlich die beste Entscheidung, die ich h\u00e4tte treffen k\u00f6nnen. Ich ( &amp; nat\u00fcrlich meine bessere H\u00e4lfte) habe meine &#8222;7 Sachen&#8220; gepackt\u00a0und bin nach Halle an der Saale gezogen, um beim Mitteldeutschen Rundfunk als Azubi zur Kauffrau f\u00fcr audiovisuelle Medien anzufangen. \u00a0Mein Heimatbereich war dabei MDR Kultur.<\/span><\/p>\n<p><span style=\"color: #808080\">Ich hatte unglaublich interessante, abwechslungsreiche und einfach sch\u00f6ne Jahre, in denen ich super viel gelernt habe. Sei es pers\u00f6nlich oder halt auch einfach beruflich. Dabei hat sich meine Faszination f\u00fcr Medien, Marketing und gerade auch f\u00fcr die sozialen Netzwerke \u00a0erweitert.<\/span><\/p>\n<p><span style=\"color: #808080\">Mit diesem Blog m\u00f6chte ich gerne meine Eindr\u00fccke f\u00fcr euch festhalten. Ich freue mich sehr auf das kommende Jahr \u00a0und auch auf eure Kommentare und Fragen.<\/span><\/p>\n<p><span style=\"color: #800000\">Herzlichst<\/span> <span style=\"color: #333333\">&#8211; Theresa<\/span><\/p>\n<p><img loading=\"lazy\" decoding=\"async\" class=\"alignnone size-medium wp-image-38\" src=\"http:\/\/35ppp.de\/theresa\/wp-content\/uploads\/sites\/5\/2018\/07\/FBD47E1C-7F29-4D59-AADC-42EA7E8272E3-e1531335914359-130x300.jpg\" alt=\"\" width=\"130\" height=\"300\" srcset=\"https:\/\/35ppp.de\/theresa\/wp-content\/uploads\/sites\/5\/2018\/07\/FBD47E1C-7F29-4D59-AADC-42EA7E8272E3-e1531335914359-130x300.jpg 130w, https:\/\/35ppp.de\/theresa\/wp-content\/uploads\/sites\/5\/2018\/07\/FBD47E1C-7F29-4D59-AADC-42EA7E8272E3-e1531335914359-445x1024.jpg 445w, https:\/\/35ppp.de\/theresa\/wp-content\/uploads\/sites\/5\/2018\/07\/FBD47E1C-7F29-4D59-AADC-42EA7E8272E3-e1531335914359.jpg 556w\" sizes=\"auto, (max-width: 130px) 100vw, 130px\" \/><\/p>\n","protected":false},"excerpt":{"rendered":"<p>\u00a0Hi na? Ich bin Theresa, 23 Jahre alt und komme urspr\u00fcnglich aus einem kleinen Dorf in der N\u00e4he von Bad Hersfeld. Nach meinem Abitur habe ich ein FSJ im Krankenhaus absolviert und mich 2015 f\u00fcr eine Ausbildung entschieden. Und das war tats\u00e4chlich die beste Entscheidung, die ich h\u00e4tte treffen k\u00f6nnen. Ich ( &amp; nat\u00fcrlich meine [&hellip;]<\/p>\n","protected":false},"author":21,"featured_media":0,"parent":0,"menu_order":0,"comment_status":"closed","ping_status":"closed","template":"","meta":{"footnotes":"","_links_to":"","_links_to_target":""},"class_list":["post-27","page","type-page","status-publish","hentry"],"_links":{"self":[{"href":"https:\/\/35ppp.de\/theresa\/wp-json\/wp\/v2\/pages\/27","targetHints":{"allow":["GET"]}}],"collection":[{"href":"https:\/\/35ppp.de\/theresa\/wp-json\/wp\/v2\/pages"}],"about":[{"href":"https:\/\/35ppp.de\/theresa\/wp-json\/wp\/v2\/types\/page"}],"author":[{"embeddable":true,"href":"https:\/\/35ppp.de\/theresa\/wp-json\/wp\/v2\/users\/21"}],"replies":[{"embeddable":true,"href":"https:\/\/35ppp.de\/theresa\/wp-json\/wp\/v2\/comments?post=27"}],"version-history":[{"count":9,"href":"https:\/\/35ppp.de\/theresa\/wp-json\/wp\/v2\/pages\/27\/revisions"}],"predecessor-version":[{"id":61,"href":"https:\/\/35ppp.de\/theresa\/wp-json\/wp\/v2\/pages\/27\/revisions\/61"}],"wp:attachment":[{"href":"https:\/\/35ppp.de\/theresa\/wp-json\/wp\/v2\/media?parent=27"}],"curies":[{"name":"wp","href":"https:\/\/api.w.org\/{rel}","templated":true}]}}