{"id":38,"date":"2018-07-09T01:19:40","date_gmt":"2018-07-08T23:19:40","guid":{"rendered":"http:\/\/35ppp.de\/tanja\/?page_id=38"},"modified":"2019-05-23T01:12:37","modified_gmt":"2019-05-22T23:12:37","slug":"thats-me","status":"publish","type":"page","link":"https:\/\/35ppp.de\/tanja\/thats-me\/","title":{"rendered":"THAT\u00b4S ME"},"content":{"rendered":"<p>Ich hei\u00dfe Tanja, bin 24 Jahre alt und wohne in Grabenstetten\u00a0auf der Schw\u00e4bischen Alb in\u00a0Baden-W\u00fcrttemberg. Meine Ausbildung zur Industriekauffrau habe ich im Sommer 2017 abgeschlossen. Anschlie\u00dfend arbeitete ich im Vertiebsinnendienst bei einem Familienunternehmen in der Metallbranche.<\/p>\n<p>Als ich im Februar 2018 von der Bundestagsabgeordneten Beate M\u00fcller-Gemmeke als Stipendiat f\u00fcr das 35. PPP ausgew\u00e4hlt wurde, habe ich mich unglaublich gefreut!<\/p>\n<p>Um Euch auf dem Laufenden zu halten und zuk\u00fcnftigen Bewerbern erste Einblicke zu geben, schreibe ich diesen Blog \u00fcber mein Jahr in den Staaten.<\/p>\n<p>Folgt mir auf Instagram f\u00fcr viele weitere Bilder und aktuelle Posts tanja_5ch<\/p>\n<p>Ich freue mich \u00fcber Kommentare oder Fragen jeglicher Art!<\/p>\n<p>Eure Tanja<\/p>\n<p>Homepage Beate M\u00fcller-Gemmeke MdB: \u00a0 \u00a0 \u00a0 \u00a0 \u00a0 \u00a0 \u00a0 \u00a0 \u00a0 https:\/\/www.mueller-gemmeke.de\/<\/p>\n<p>&nbsp;<\/p>\n","protected":false},"excerpt":{"rendered":"<p>Ich hei\u00dfe Tanja, bin 24 Jahre alt und wohne in Grabenstetten\u00a0auf der Schw\u00e4bischen Alb in\u00a0Baden-W\u00fcrttemberg. Meine Ausbildung zur Industriekauffrau habe ich im Sommer 2017 abgeschlossen. Anschlie\u00dfend arbeitete ich im Vertiebsinnendienst bei einem Familienunternehmen in der Metallbranche. Als ich im Februar 2018 von der Bundestagsabgeordneten Beate M\u00fcller-Gemmeke als Stipendiat f\u00fcr das 35. PPP ausgew\u00e4hlt wurde, habe [&hellip;]<\/p>\n","protected":false},"author":20,"featured_media":42,"parent":0,"menu_order":0,"comment_status":"closed","ping_status":"closed","template":"","meta":{"footnotes":"","_links_to":"","_links_to_target":""},"class_list":["post-38","page","type-page","status-publish","has-post-thumbnail","hentry"],"_links":{"self":[{"href":"https:\/\/35ppp.de\/tanja\/wp-json\/wp\/v2\/pages\/38","targetHints":{"allow":["GET"]}}],"collection":[{"href":"https:\/\/35ppp.de\/tanja\/wp-json\/wp\/v2\/pages"}],"about":[{"href":"https:\/\/35ppp.de\/tanja\/wp-json\/wp\/v2\/types\/page"}],"author":[{"embeddable":true,"href":"https:\/\/35ppp.de\/tanja\/wp-json\/wp\/v2\/users\/20"}],"replies":[{"embeddable":true,"href":"https:\/\/35ppp.de\/tanja\/wp-json\/wp\/v2\/comments?post=38"}],"version-history":[{"count":10,"href":"https:\/\/35ppp.de\/tanja\/wp-json\/wp\/v2\/pages\/38\/revisions"}],"predecessor-version":[{"id":1093,"href":"https:\/\/35ppp.de\/tanja\/wp-json\/wp\/v2\/pages\/38\/revisions\/1093"}],"wp:featuredmedia":[{"embeddable":true,"href":"https:\/\/35ppp.de\/tanja\/wp-json\/wp\/v2\/media\/42"}],"wp:attachment":[{"href":"https:\/\/35ppp.de\/tanja\/wp-json\/wp\/v2\/media?parent=38"}],"curies":[{"name":"wp","href":"https:\/\/api.w.org\/{rel}","templated":true}]}}