{"id":12,"date":"2018-07-09T21:09:04","date_gmt":"2018-07-09T19:09:04","guid":{"rendered":"http:\/\/35ppp.de\/shanice\/?page_id=12"},"modified":"2018-10-25T16:26:48","modified_gmt":"2018-10-25T14:26:48","slug":"ueber-mich-und-das-ppp","status":"publish","type":"page","link":"https:\/\/35ppp.de\/shanice\/","title":{"rendered":"\u00dcber mich und das PPP"},"content":{"rendered":"<p>Hallo zusammen!<\/p>\n<p>Mein Name ist Shanice und ich bin 23 Jahre alt. Ich bin eine von 75 Teilnehmern des 35. Parlamentarischen Patenschafts Programms f\u00fcr junge Berufst\u00e4tige (Jahrgang 2018\/2019).<br \/>\nMeine Ausbildung als Kauffrau f\u00fcr Spedition- und Logistikdienstleistung habe ich im Juni 2017 abgeschlossen und war ca. ein Jahr in meinem Beruf t\u00e4tig, bevor ich mich dann entschieden habe f\u00fcr ein Jahr in die USA zu gehen. Nun beginnt f\u00fcr mich das gro\u00dfe Abenteuer&#8230;<\/p>\n<p>&nbsp;<\/p>\n<p><strong>Das PPP (Kurzinfo):<br \/>\n<\/strong><\/p>\n<p>Das Parlamentarische Patenschafts-Programm (PPP) geh\u00f6rt zu den renommiertesten deutsch-amerikanischen Jugendaustauschprogrammen und zu den wenigen, die sich auch an junge Berufst\u00e4tige und Auszubildende wenden. W\u00e4hrend des Austauschjahres \u00fcbernehmen Mitglieder beider Parlamente die Patenschaft f\u00fcr jeweils eine Teilnehmerin oder einen Teilnehmer. Die Stipendiaten selbst gehen als Junior-Botschafter in die USA. Das PPP bietet den Teilnehmenden dabei einen umfassenden Einblick in das amerikanische Alltagsleben: Leben in einer Gastfamilie, Besuch eines College und Praktikum in einem US-Unternehmen sind Teil des Programms. (Quelle: https:\/\/www.foraus.de\/html\/foraus_6027.php)<\/p>\n<p>Ein besonderer Dank gilt dem Deutschen Bundestag (speziell den Partnerabgeordneten), der GIZ GmbH, Bonn sowie der Partnerorganisation im den USA ist Cultural Vistas, Inc.<\/p>\n<p>&nbsp;<\/p>\n<hr \/>\n<p><a href=\"http:\/\/usappp.de\/\">http:\/\/usappp.de\/<\/a><\/p>\n","protected":false},"excerpt":{"rendered":"<p>Hallo zusammen! Mein Name ist Shanice und ich bin 23 Jahre alt. Ich bin eine von 75 Teilnehmern des 35. Parlamentarischen Patenschafts Programms f\u00fcr junge Berufst\u00e4tige (Jahrgang 2018\/2019). Meine Ausbildung als Kauffrau f\u00fcr Spedition- und Logistikdienstleistung habe ich im Juni 2017 abgeschlossen und war ca. ein Jahr in meinem Beruf t\u00e4tig, bevor ich mich dann [&hellip;]<\/p>\n","protected":false},"author":24,"featured_media":0,"parent":0,"menu_order":0,"comment_status":"closed","ping_status":"closed","template":"","meta":{"footnotes":"","_links_to":"","_links_to_target":""},"class_list":["post-12","page","type-page","status-publish","hentry"],"_links":{"self":[{"href":"https:\/\/35ppp.de\/shanice\/wp-json\/wp\/v2\/pages\/12","targetHints":{"allow":["GET"]}}],"collection":[{"href":"https:\/\/35ppp.de\/shanice\/wp-json\/wp\/v2\/pages"}],"about":[{"href":"https:\/\/35ppp.de\/shanice\/wp-json\/wp\/v2\/types\/page"}],"author":[{"embeddable":true,"href":"https:\/\/35ppp.de\/shanice\/wp-json\/wp\/v2\/users\/24"}],"replies":[{"embeddable":true,"href":"https:\/\/35ppp.de\/shanice\/wp-json\/wp\/v2\/comments?post=12"}],"version-history":[{"count":5,"href":"https:\/\/35ppp.de\/shanice\/wp-json\/wp\/v2\/pages\/12\/revisions"}],"predecessor-version":[{"id":157,"href":"https:\/\/35ppp.de\/shanice\/wp-json\/wp\/v2\/pages\/12\/revisions\/157"}],"wp:attachment":[{"href":"https:\/\/35ppp.de\/shanice\/wp-json\/wp\/v2\/media?parent=12"}],"curies":[{"name":"wp","href":"https:\/\/api.w.org\/{rel}","templated":true}]}}