{"id":9,"date":"2018-06-06T13:46:09","date_gmt":"2018-06-06T11:46:09","guid":{"rendered":"http:\/\/35ppp.de\/maximilian\/?page_id=9"},"modified":"2018-09-10T05:34:56","modified_gmt":"2018-09-10T03:34:56","slug":"eine-paar-kleine-dinge-ueber-mich","status":"publish","type":"page","link":"https:\/\/35ppp.de\/maximilian\/eine-paar-kleine-dinge-ueber-mich\/","title":{"rendered":"Eine paar kleine Dinge \u00fcber mich"},"content":{"rendered":"<p>Moin! <img loading=\"lazy\" decoding=\"async\" class=\"wp-image-11 size-thumbnail alignleft\" src=\"http:\/\/35ppp.de\/maximilian\/wp-content\/uploads\/sites\/15\/2018\/06\/P11302472-150x150.jpg\" alt=\"\" width=\"150\" height=\"150\" srcset=\"https:\/\/35ppp.de\/maximilian\/wp-content\/uploads\/sites\/15\/2018\/06\/P11302472-150x150.jpg 150w, https:\/\/35ppp.de\/maximilian\/wp-content\/uploads\/sites\/15\/2018\/06\/P11302472-100x100.jpg 100w\" sizes=\"auto, (max-width: 150px) 100vw, 150px\" \/><\/p>\n<p>Mein Name ist Maximilian, der Name ist aber einfach zu lang. Nennt mich Max.<\/p>\n<p>Nach dem Abi in Hamburg habe ich einen \u00f6kologischen Freiwilligendienst bei einer F\u00f6rsterei in Schleswig-Holstein gemacht. Da habe ich zum ersten Mal die Forstwirtschaft und Natur in den W\u00e4ldern Deutschlands so richtig kennengelernt. Jetzt befinde ich mich kurz vor meiner Abschlusspr\u00fcfung beim Landesforst Schleswig-Holstein und stehe nun davor in die USA zu reisen!<\/p>\n<p>In meiner Freizeit gehe ich sehr gerne raus. Vor Allem gehe ich gerne in mein Revier um dort zu jagen. Werken mit Holz macht mir eine sehr gro\u00dfe Freude, ebenso wie die Forstarbeit.<\/p>\n<p>Von dem Jahr in den USA erhoffe ich mir neben einer Verbesserung der englischen Sprache auch einen Einblick in die dortige Forstwirtschaft und in die Amerikanische Lebensart. Auch die einzigartige und vor Allem wilde Natur ist etwas, was ich erleben will!<\/p>\n<p><em>Gut Holz,<\/em> f\u00fcrs erste<\/p>\n<p><img loading=\"lazy\" decoding=\"async\" class=\"wp-image-216 aligncenter\" src=\"http:\/\/35ppp.de\/maximilian\/wp-content\/uploads\/sites\/15\/2018\/09\/IMG-20180906-WA0011.jpg\" alt=\"\" width=\"320\" height=\"427\" srcset=\"https:\/\/35ppp.de\/maximilian\/wp-content\/uploads\/sites\/15\/2018\/09\/IMG-20180906-WA0011.jpg 1200w, https:\/\/35ppp.de\/maximilian\/wp-content\/uploads\/sites\/15\/2018\/09\/IMG-20180906-WA0011-225x300.jpg 225w, https:\/\/35ppp.de\/maximilian\/wp-content\/uploads\/sites\/15\/2018\/09\/IMG-20180906-WA0011-768x1024.jpg 768w, https:\/\/35ppp.de\/maximilian\/wp-content\/uploads\/sites\/15\/2018\/09\/IMG-20180906-WA0011-508x677.jpg 508w\" sizes=\"auto, (max-width: 320px) 100vw, 320px\" \/><\/p>\n","protected":false},"excerpt":{"rendered":"<p>Moin! Mein Name ist Maximilian, der Name ist aber einfach zu lang. Nennt mich Max. Nach dem Abi in Hamburg habe ich einen \u00f6kologischen Freiwilligendienst bei einer F\u00f6rsterei in Schleswig-Holstein gemacht. Da habe ich zum ersten Mal die Forstwirtschaft und Natur in den W\u00e4ldern Deutschlands so richtig kennengelernt. Jetzt befinde ich mich kurz vor meiner [&hellip;]<\/p>\n","protected":false},"author":6,"featured_media":0,"parent":0,"menu_order":0,"comment_status":"closed","ping_status":"closed","template":"","meta":{"footnotes":"","_links_to":"","_links_to_target":""},"class_list":["post-9","page","type-page","status-publish","hentry"],"_links":{"self":[{"href":"https:\/\/35ppp.de\/maximilian\/wp-json\/wp\/v2\/pages\/9","targetHints":{"allow":["GET"]}}],"collection":[{"href":"https:\/\/35ppp.de\/maximilian\/wp-json\/wp\/v2\/pages"}],"about":[{"href":"https:\/\/35ppp.de\/maximilian\/wp-json\/wp\/v2\/types\/page"}],"author":[{"embeddable":true,"href":"https:\/\/35ppp.de\/maximilian\/wp-json\/wp\/v2\/users\/6"}],"replies":[{"embeddable":true,"href":"https:\/\/35ppp.de\/maximilian\/wp-json\/wp\/v2\/comments?post=9"}],"version-history":[{"count":7,"href":"https:\/\/35ppp.de\/maximilian\/wp-json\/wp\/v2\/pages\/9\/revisions"}],"predecessor-version":[{"id":217,"href":"https:\/\/35ppp.de\/maximilian\/wp-json\/wp\/v2\/pages\/9\/revisions\/217"}],"wp:attachment":[{"href":"https:\/\/35ppp.de\/maximilian\/wp-json\/wp\/v2\/media?parent=9"}],"curies":[{"name":"wp","href":"https:\/\/api.w.org\/{rel}","templated":true}]}}