{"id":59,"date":"2018-07-11T15:44:20","date_gmt":"2018-07-11T13:44:20","guid":{"rendered":"http:\/\/35ppp.de\/maximilian\/?page_id=59"},"modified":"2018-07-11T17:22:38","modified_gmt":"2018-07-11T15:22:38","slug":"das-ppp","status":"publish","type":"page","link":"https:\/\/35ppp.de\/maximilian\/das-ppp\/","title":{"rendered":"Das PPP"},"content":{"rendered":"<p>Das parlamentarische Patenschaftsprogramm (kurz PPP) ist ein Austauschprogramm zwischen Deutschland und den USA. Im Gegensatz zu den meisten Programmen bietet es die M\u00f6glichkeit f\u00fcr junge Berufst\u00e4tige in die USA zu reisen, nicht wie \u00fcblich, als Sch\u00fcler oder Student.<\/p>\n<p>Der Bewerbungsvorgang\/die Vorbereitung ist sehr langwierig und h\u00e4lt so manche davon ab sich anzumelden. Als erstes muss man ein Motivationsschreiben aufsetzen und diverse Fragen beantworten. Hier wird von der Gesellschaft f\u00fcr internationale Zusammenarbeit (kurz GIZ) besonders gesiebt. Wer sich irgendwie komisch oder nicht authentisch genug gibt, hat wahrscheinlich keine gro\u00dfe Chance.<\/p>\n<p>Wenn dieser Teil erledigt ist, werdet ihr zu einer Auswahltagung eingeladen, wo man einen Englischtest ausf\u00fcllen, eine Gruppenarbeit machen und ein Vorstellungsgespr\u00e4ch f\u00fchren muss.<\/p>\n<p style=\"text-align: center\">H\u00f6rt sich sehr anstrengend an, ist es auch.<\/p>\n<p>Man sollte sich dementsprechend kleiden, doch im Prinzip ist auch etwas bessere Alltagskleidung in Ordnung. Seid einfach ihr selbst, dann klappt es im Gespr\u00e4ch auch.<\/p>\n<p>Jetzt habt ihr etwa ein Drittel geschafft und euer Schicksal erstmal aus euren H\u00e4nden gegeben. Denn jetzt werdet ihr von euren direkt gew\u00e4hlten Bundestagsabgeordneten eures jew. Wahlkreis ausgesucht. Bei vielen Einwohnern, ist der Andrang auf das Programm nat\u00fcrlich umso gr\u00f6\u00dfer, so kann es sein dass ihr die zweite Runde des Vorstellungsgespr\u00e4chs f\u00fchren m\u00fcsst. Dabei solltet ihr gewisses politisches Wissen und lokale Besonderheiten kennen. Der diesj\u00e4hrige Altonaer Teilnehmer wurde Bspw. gefragt, warum das Tor im Wappen von Altona offen steht&#8230;<\/p>\n<p style=\"text-align: center\">Vielleicht habt ihr aber auch Gl\u00fcck wie ich und ihr bekommt am 1.1. eure Zusage!<\/p>\n<p>Nach diesem Schritt werdet ihr nochmal eingeladen. Allerdings zu einem Vorbereitungsseminar in Lichtenfels oder Bad Bevensen. Dort erhaltet ihr Informationen \u00fcber das Programm an sich und \u00fcber die Unterschiede der Deutschen zur Amerikanischen Gesellschaft.<\/p>\n<p>Dies war das zweite Drittel, jetzt geht es zur Vorbereitung und zum Visumsantrag. Auch anstrengend, aber man will ja auch in die USA reisen. Das Visum hab ich schon, die Koffer nicht. Versicherungen, Steuern und diverse Meldepflichten, Handyvertr\u00e4ge und Wohnungen m\u00fcssen noch abgeschlossen, bezahlt, ausgenommen, pausiert und ger\u00e4umt werden. Dann habe ich auch irgendwann die Vorbereitung abgeschlossen.<\/p>\n<p>&nbsp;<\/p>\n","protected":false},"excerpt":{"rendered":"<p>Das parlamentarische Patenschaftsprogramm (kurz PPP) ist ein Austauschprogramm zwischen Deutschland und den USA. Im Gegensatz zu den meisten Programmen bietet es die M\u00f6glichkeit f\u00fcr junge Berufst\u00e4tige in die USA zu reisen, nicht wie \u00fcblich, als Sch\u00fcler oder Student. Der Bewerbungsvorgang\/die Vorbereitung ist sehr langwierig und h\u00e4lt so manche davon ab sich anzumelden. Als erstes muss [&hellip;]<\/p>\n","protected":false},"author":6,"featured_media":56,"parent":0,"menu_order":0,"comment_status":"closed","ping_status":"closed","template":"","meta":{"footnotes":"","_links_to":"","_links_to_target":""},"class_list":["post-59","page","type-page","status-publish","has-post-thumbnail","hentry"],"_links":{"self":[{"href":"https:\/\/35ppp.de\/maximilian\/wp-json\/wp\/v2\/pages\/59","targetHints":{"allow":["GET"]}}],"collection":[{"href":"https:\/\/35ppp.de\/maximilian\/wp-json\/wp\/v2\/pages"}],"about":[{"href":"https:\/\/35ppp.de\/maximilian\/wp-json\/wp\/v2\/types\/page"}],"author":[{"embeddable":true,"href":"https:\/\/35ppp.de\/maximilian\/wp-json\/wp\/v2\/users\/6"}],"replies":[{"embeddable":true,"href":"https:\/\/35ppp.de\/maximilian\/wp-json\/wp\/v2\/comments?post=59"}],"version-history":[{"count":3,"href":"https:\/\/35ppp.de\/maximilian\/wp-json\/wp\/v2\/pages\/59\/revisions"}],"predecessor-version":[{"id":98,"href":"https:\/\/35ppp.de\/maximilian\/wp-json\/wp\/v2\/pages\/59\/revisions\/98"}],"wp:featuredmedia":[{"embeddable":true,"href":"https:\/\/35ppp.de\/maximilian\/wp-json\/wp\/v2\/media\/56"}],"wp:attachment":[{"href":"https:\/\/35ppp.de\/maximilian\/wp-json\/wp\/v2\/media?parent=59"}],"curies":[{"name":"wp","href":"https:\/\/api.w.org\/{rel}","templated":true}]}}