{"id":2,"date":"2018-07-15T13:00:36","date_gmt":"2018-07-15T11:00:36","guid":{"rendered":"http:\/\/35ppp.de\/lena\/?page_id=2"},"modified":"2019-05-25T00:12:22","modified_gmt":"2019-05-24T22:12:22","slug":"ueber-mich","status":"publish","type":"page","link":"https:\/\/35ppp.de\/lena\/ueber-mich\/","title":{"rendered":"\u00dcber Mich"},"content":{"rendered":"<h3><img loading=\"lazy\" decoding=\"async\" class=\"size-medium wp-image-179 aligncenter\" src=\"http:\/\/35ppp.de\/lena\/wp-content\/uploads\/sites\/14\/2018\/08\/Lena_Blog-300x298.jpg\" alt=\"\" width=\"300\" height=\"298\" srcset=\"https:\/\/35ppp.de\/lena\/wp-content\/uploads\/sites\/14\/2018\/08\/Lena_Blog-300x298.jpg 300w, https:\/\/35ppp.de\/lena\/wp-content\/uploads\/sites\/14\/2018\/08\/Lena_Blog-150x150.jpg 150w, https:\/\/35ppp.de\/lena\/wp-content\/uploads\/sites\/14\/2018\/08\/Lena_Blog-768x764.jpg 768w, https:\/\/35ppp.de\/lena\/wp-content\/uploads\/sites\/14\/2018\/08\/Lena_Blog-1024x1018.jpg 1024w\" sizes=\"auto, (max-width: 300px) 100vw, 300px\" \/><\/h3>\n<h3 style=\"text-align: center\">Servus!<\/h3>\n<p>Ich bin Lena, 20 Jahre alt und wohne in der N\u00e4he von Schweinfurt in Unterfranken, Bayern. Ich liebe Musik, Singen, Fotografie (ich bin Amateur, please don&#8217;t judge me), Reisen und gutes Essen. In meiner Freizeit schaue ich mir gerne St\u00e4dte an, schaue Netflix, Singe und gehe ins Fitnesstudio.<\/p>\n<p>Seit Februar 2018 bin ich ausgelernte Kauffrau f\u00fcr B\u00fcromanagement und war von M\u00e4rz bis Juli in Bournemouth, England und habe dort eine Sprachschule besucht und als Praktikantin im B\u00fcro gearbeitet.<\/p>\n<p>Wie es sich vermuten l\u00e4sst, bin ich eine der gl\u00fccklichen Teilnehmer-innen des 35. Parlamentarischen Patenschafts-Programms. Ich freue mich, dass du auf meinem Blog vorbeischaust und mich bei meinem Jahr in Rome, Georgia begleitest.<\/p>\n<p>Viel Spa\u00df!<\/p>\n<p>&nbsp;<\/p>\n","protected":false},"excerpt":{"rendered":"<p>Servus! Ich bin Lena, 20 Jahre alt und wohne in der N\u00e4he von Schweinfurt in Unterfranken, Bayern. Ich liebe Musik, Singen, Fotografie (ich bin Amateur, please don&#8217;t judge me), Reisen und gutes Essen. In meiner Freizeit schaue ich mir gerne St\u00e4dte an, schaue Netflix, Singe und gehe ins Fitnesstudio. Seit Februar 2018 bin ich ausgelernte [&hellip;]<\/p>\n","protected":false},"author":3,"featured_media":85,"parent":0,"menu_order":0,"comment_status":"closed","ping_status":"open","template":"","meta":{"footnotes":"","_links_to":"","_links_to_target":""},"class_list":["post-2","page","type-page","status-publish","has-post-thumbnail","hentry"],"_links":{"self":[{"href":"https:\/\/35ppp.de\/lena\/wp-json\/wp\/v2\/pages\/2","targetHints":{"allow":["GET"]}}],"collection":[{"href":"https:\/\/35ppp.de\/lena\/wp-json\/wp\/v2\/pages"}],"about":[{"href":"https:\/\/35ppp.de\/lena\/wp-json\/wp\/v2\/types\/page"}],"author":[{"embeddable":true,"href":"https:\/\/35ppp.de\/lena\/wp-json\/wp\/v2\/users\/3"}],"replies":[{"embeddable":true,"href":"https:\/\/35ppp.de\/lena\/wp-json\/wp\/v2\/comments?post=2"}],"version-history":[{"count":9,"href":"https:\/\/35ppp.de\/lena\/wp-json\/wp\/v2\/pages\/2\/revisions"}],"predecessor-version":[{"id":366,"href":"https:\/\/35ppp.de\/lena\/wp-json\/wp\/v2\/pages\/2\/revisions\/366"}],"wp:featuredmedia":[{"embeddable":true,"href":"https:\/\/35ppp.de\/lena\/wp-json\/wp\/v2\/media\/85"}],"wp:attachment":[{"href":"https:\/\/35ppp.de\/lena\/wp-json\/wp\/v2\/media?parent=2"}],"curies":[{"name":"wp","href":"https:\/\/api.w.org\/{rel}","templated":true}]}}