{"id":18,"date":"2018-08-13T22:41:32","date_gmt":"2018-08-13T20:41:32","guid":{"rendered":"http:\/\/35ppp.de\/leander\/?page_id=18"},"modified":"2018-10-10T00:29:57","modified_gmt":"2018-10-09T22:29:57","slug":"wer-ist-leander","status":"publish","type":"page","link":"https:\/\/35ppp.de\/leander\/wer-ist-leander\/","title":{"rendered":"Wer ist Leander?"},"content":{"rendered":"<p><img loading=\"lazy\" decoding=\"async\" class=\"wp-image-20 size-full\" src=\"http:\/\/35ppp.de\/leander\/wp-content\/uploads\/sites\/37\/2018\/08\/IMG_20180808_190345.jpg\" alt=\"\" width=\"3968\" height=\"2240\" srcset=\"https:\/\/35ppp.de\/leander\/wp-content\/uploads\/sites\/37\/2018\/08\/IMG_20180808_190345.jpg 3968w, https:\/\/35ppp.de\/leander\/wp-content\/uploads\/sites\/37\/2018\/08\/IMG_20180808_190345-300x169.jpg 300w, https:\/\/35ppp.de\/leander\/wp-content\/uploads\/sites\/37\/2018\/08\/IMG_20180808_190345-768x434.jpg 768w, https:\/\/35ppp.de\/leander\/wp-content\/uploads\/sites\/37\/2018\/08\/IMG_20180808_190345-1024x578.jpg 1024w, https:\/\/35ppp.de\/leander\/wp-content\/uploads\/sites\/37\/2018\/08\/IMG_20180808_190345-1240x700.jpg 1240w, https:\/\/35ppp.de\/leander\/wp-content\/uploads\/sites\/37\/2018\/08\/IMG_20180808_190345-508x287.jpg 508w\" sizes=\"auto, (max-width: 3968px) 100vw, 3968px\" \/><\/p>\n<p>Moin!<\/p>\n<p>Mein Name ist Leander Kortjohann, ich bin 25 Jahre alt und diesj\u00e4hriger Teilnehmer am <strong>35. Parlamentarischen Patenschafts-Programm (PPP)<\/strong>. Ich komme aus der kleinen aber feinen Stadt Osterholz-Scharmbeck in Niedersachen, nicht weit entfernt von der Weltmetropole Bremen.<\/p>\n<p>Meine Ausbildung zum Kaufmann f\u00fcr Tourismus und Freizeit habe ich zwischen 2014 und 2017 in Bremerhaven bei der Erlebnis Bremerhaven GmbH absolviert und bin in der Zeit zu einem absoluten Nordlicht herangewachsen. Jede Stadt mit einem Hafen ist f\u00fcr mich eine gute Stadt!<\/p>\n<p>Vom PPP habe ich 2016 durch Gespr\u00e4che mit einem ehemaligen Teilnehmer und einen Zeitungsartikel in unserer Regionalzeitung erfahren. Ich habe mich bereits zum zweiten Mal f\u00fcr die Teilnahme am PPP beworben und bin einfach nur \u00fcbergl\u00fccklich, in diesem Jahr an diesem einzigartigen Programm teilnehmen zu k\u00f6nnen! An dieser Stelle m\u00f6chte ich mich bei <strong>Herrn Dr. Andr\u00e9 Berghegger von der CDU<\/strong> bedanken, der mir als mein Pate \u00fcberhaupt erst die Teilnahme erm\u00f6glicht hat.<\/p>\n<p>In meinen kleinen Beitr\u00e4gen werde ich euch an meinem Jahr in Fredonia im Bundesstaat New York teilhaben lassen. \u00dcber Kommentare freue ich mich nat\u00fcrlich sehr!<\/p>\n<p>Bis bald,<\/p>\n<p>Euer Leander<\/p>\n","protected":false},"excerpt":{"rendered":"<p>Moin! Mein Name ist Leander Kortjohann, ich bin 25 Jahre alt und diesj\u00e4hriger Teilnehmer am 35. Parlamentarischen Patenschafts-Programm (PPP). Ich komme aus der kleinen aber feinen Stadt Osterholz-Scharmbeck in Niedersachen, nicht weit entfernt von der Weltmetropole Bremen. Meine Ausbildung zum Kaufmann f\u00fcr Tourismus und Freizeit habe ich zwischen 2014 und 2017 in Bremerhaven bei der [&hellip;]<\/p>\n","protected":false},"author":39,"featured_media":0,"parent":0,"menu_order":0,"comment_status":"closed","ping_status":"closed","template":"","meta":{"footnotes":"","_links_to":"","_links_to_target":""},"class_list":["post-18","page","type-page","status-publish","hentry"],"_links":{"self":[{"href":"https:\/\/35ppp.de\/leander\/wp-json\/wp\/v2\/pages\/18","targetHints":{"allow":["GET"]}}],"collection":[{"href":"https:\/\/35ppp.de\/leander\/wp-json\/wp\/v2\/pages"}],"about":[{"href":"https:\/\/35ppp.de\/leander\/wp-json\/wp\/v2\/types\/page"}],"author":[{"embeddable":true,"href":"https:\/\/35ppp.de\/leander\/wp-json\/wp\/v2\/users\/39"}],"replies":[{"embeddable":true,"href":"https:\/\/35ppp.de\/leander\/wp-json\/wp\/v2\/comments?post=18"}],"version-history":[{"count":5,"href":"https:\/\/35ppp.de\/leander\/wp-json\/wp\/v2\/pages\/18\/revisions"}],"predecessor-version":[{"id":115,"href":"https:\/\/35ppp.de\/leander\/wp-json\/wp\/v2\/pages\/18\/revisions\/115"}],"wp:attachment":[{"href":"https:\/\/35ppp.de\/leander\/wp-json\/wp\/v2\/media?parent=18"}],"curies":[{"name":"wp","href":"https:\/\/api.w.org\/{rel}","templated":true}]}}