{"id":13,"date":"2018-08-04T01:11:52","date_gmt":"2018-08-03T23:11:52","guid":{"rendered":"http:\/\/35ppp.de\/emma\/?page_id=13"},"modified":"2018-09-20T21:46:06","modified_gmt":"2018-09-20T19:46:06","slug":"ja-hallo-erstmal","status":"publish","type":"page","link":"https:\/\/35ppp.de\/emma\/ja-hallo-erstmal\/","title":{"rendered":"Ja Hallo erstmal.."},"content":{"rendered":"<p>Es ist 00.24 Uhr am 04. August 2018, also 3 Tage vor Abflug und ich denke mir &#8222;Es ist Zeit sich mal vorzustellen.&#8220; Der Koffer steht bereit und will gef\u00fcllt werden ( ja, Zeitmanagement ist nicht meine gr\u00f6\u00dfte St\u00e4rke ), morgen gibt es ne gro\u00dfe Abschiedsfeier und auch sonst l\u00e4ufts mit der Procrastination ganz hervorragend..<\/p>\n<p>Aber nun erstmal zum eigentlichen Grund meines ersten richtigen Blogeintrags &#8211; eine kleine Vorstellungsrunde meinerseits steht an.<\/p>\n<p>Aaalso &#8211; mein Name ist Emma, ich bin 24 Jahre alt und seit Januar diesen Jahres ausgelernte Sport- und Fitnesskauffrau. Ebenfalls seit\u00a0Januar bin ich Stipendiatin des 35. PPP und werde nun ab dem 7. August f\u00fcr ein Jahr in die USA gehen.<br \/>\nGeboren bin ich in Kappeln an der Schlei, nahe der d\u00e4nischen Grenze und bin dort bei meinen Eltern, zusammen mit meinen beiden Geschwistern, gro\u00dfgeworden. 2013 habe ich mein Abitur gemacht, habe direkt im Anschluss angefangen zu studieren &#8211; dies aber schnell bereut und im zweiten Semester abgebrochen. Ich entschied mich ins Ausland zu gehen und arbeitete somit f\u00fcr ein Jahr als Animateurin in Griechenland, \u00d6sterreich und Spanien.<br \/>\nNach meiner Zeit als Animateurin, welche mir unglaublich viel Freude bereitete &amp; mich bis heute pr\u00e4gt, begann ich meine Ausbildung als Sport- und Fitnesskauffrau in der L\u00fcneburger Heide bei einem renommierten Ferienresort. Nach erfolgreicher Beendigung meiner Ausbildung arbeitete ich weiterhin als Vollzeitkraft in meinem Betrieb und wartete auf die Antwort zu meiner Bewerbung f\u00fcr das parlamentarische Patenschaftsprogramm (kurz: PPP) 2018\/2019.<br \/>\nDer Ausgang der Geschichte ist wahrscheinlich offensichtlich.. Ich habe das Stipendium bekommen und habe somit die M\u00f6glichkeit f\u00fcr ein Jahr zu erleben wie das Studieren und Arbeiten in den USA gestaltet ist..<\/p>\n<p>Nun genug zu meinem Lebenslauf ( in Kurzformat ). Hier vielleicht noch ein paar pers\u00f6nliche Fakten, um mich besser kennenzulernen..<br \/>\n1. Ich habe einen katastrophalen Orientierungssinn. W\u00fcrde ich irgendwo ausgesetzt werden, ich w\u00fcrd mich wohl einfach vergraben.<br \/>\n2. Ich liebe es zu reisen! Ich war schon in Thailand, Portugal, Holland, der\u00a0T\u00fcrkei, Griechenland, Belgien, Norwegen, Polen, Spanien, D\u00e4nemark, Italien, Frankreich, \u00d6sterreich. Und nun bald auch endlich in den USA \ud83d\ude42<br \/>\n3. Ich bin auf einem Bauernhof aufgewachsen und liebe daher jegliche Tiere.. Au\u00dfer Kr\u00f6ten!<br \/>\n4. Apropos Kr\u00f6ten &#8211; ich hab ne schreckliche Phobie vor denen und gerate v\u00f6llig aus der Fassung sobald irgendetwas h\u00fcpfenderweise meinen Weg streift.<br \/>\n5. Ich bin eine absolute Mathe-Niete.. Aber das ist mir egal, denn bis jetzt ging auch alles ganz gut ohne Kurvendiskussion, oder \u00e4hnlich geistig-wertvolle mathematische Inhalte. Dreisatz, Prozentrechnung und kleines Einmaleins reicht. Punkt.<br \/>\n6. Essen ist Liebe. Egal zu welcher Uhrzeit &#8211; ich bin dabei!<br \/>\n7. Und wo wir grad bei Liebe sind &#8211; ich hab seit Anfang des Jahres einen festen Freund mit dem ich nun bald wohl oder \u00fcbel eine Fernbeziehung f\u00fchren muss.. Aber ich bin sehr optimistisch, dass wir das hinbekommen werden \u2665<br \/>\n8. Ich glaube alles hat einen Sinn &amp; ich glaube stets an das Gute im Leben. Vielleicht habe ich aus diesem Grund in meinem bisherigen Leben immer Gl\u00fcck gehabt und alles was ich mir vorgenommen habe geschafft..<br \/>\n9. Mein Zeitmanagement ist mindestens genauso unterirdisch, wie mein Orientierungssinn. Es ist niemals m\u00f6glich stressfrei zur Arbeit oder einem anderen Termin zu fahren. Und Weihnachtsgeschenke werden aus Prinzip erst am 23. Dezember besorgt.<br \/>\n10. Passend zu meinem Zeimanagement und meinem Orientierungssinn ist auch noch mein Schlafrhythmus. Gute Kombi die Drei. Alle leicht einen an der Birne und eigenwillig. Aber das macht mich halt auch irgendwie aus finde ich \ud83d\ude42<\/p>\n<p>Wenn Ihr Fragen habt &#8211; schreibt mir gern!<\/p>\n<p>Bis dahin, ok t\u00fcss<\/p>\n<p>Emma<\/p>\n<p>&nbsp;<\/p>\n","protected":false},"excerpt":{"rendered":"<p>Es ist 00.24 Uhr am 04. August 2018, also 3 Tage vor Abflug und ich denke mir &#8222;Es ist Zeit sich mal vorzustellen.&#8220; Der Koffer steht bereit und will gef\u00fcllt werden ( ja, Zeitmanagement ist nicht meine gr\u00f6\u00dfte St\u00e4rke ), morgen gibt es ne gro\u00dfe Abschiedsfeier und auch sonst l\u00e4ufts mit der Procrastination ganz hervorragend.. [&hellip;]<\/p>\n","protected":false},"author":25,"featured_media":23,"parent":0,"menu_order":0,"comment_status":"closed","ping_status":"closed","template":"","meta":{"footnotes":"","_links_to":"","_links_to_target":""},"class_list":["post-13","page","type-page","status-publish","has-post-thumbnail","hentry"],"_links":{"self":[{"href":"https:\/\/35ppp.de\/emma\/wp-json\/wp\/v2\/pages\/13","targetHints":{"allow":["GET"]}}],"collection":[{"href":"https:\/\/35ppp.de\/emma\/wp-json\/wp\/v2\/pages"}],"about":[{"href":"https:\/\/35ppp.de\/emma\/wp-json\/wp\/v2\/types\/page"}],"author":[{"embeddable":true,"href":"https:\/\/35ppp.de\/emma\/wp-json\/wp\/v2\/users\/25"}],"replies":[{"embeddable":true,"href":"https:\/\/35ppp.de\/emma\/wp-json\/wp\/v2\/comments?post=13"}],"version-history":[{"count":3,"href":"https:\/\/35ppp.de\/emma\/wp-json\/wp\/v2\/pages\/13\/revisions"}],"predecessor-version":[{"id":25,"href":"https:\/\/35ppp.de\/emma\/wp-json\/wp\/v2\/pages\/13\/revisions\/25"}],"wp:featuredmedia":[{"embeddable":true,"href":"https:\/\/35ppp.de\/emma\/wp-json\/wp\/v2\/media\/23"}],"wp:attachment":[{"href":"https:\/\/35ppp.de\/emma\/wp-json\/wp\/v2\/media?parent=13"}],"curies":[{"name":"wp","href":"https:\/\/api.w.org\/{rel}","templated":true}]}}