{"id":22,"date":"2018-09-15T20:51:51","date_gmt":"2018-09-15T18:51:51","guid":{"rendered":"http:\/\/35ppp.de\/clara\/?page_id=22"},"modified":"2018-09-15T20:53:11","modified_gmt":"2018-09-15T18:53:11","slug":"meine-intention","status":"publish","type":"page","link":"https:\/\/35ppp.de\/clara\/meine-intention\/","title":{"rendered":"Meine Intention"},"content":{"rendered":"<p><span style=\"color: #000000;font-family: Calibri\">Liebe Friends, <\/span><\/p>\n<p><span style=\"color: #000000;font-family: Calibri\">Nach einem Monat in den USA habe ich nat\u00fcrlich einiges erlebt. Jedes Mal habe ich an euch gedacht und war traurig, dass ihr nicht dabei sein k\u00f6nnt! Gerne w\u00fcrde ich euch die Menschen vorstellen, die ich getroffen habe, die Situationen miterleben lassen, die mich [immer noch] nachdenklich machen, die Statements h\u00f6ren lassen, die mich zum Staunen, Weinen oder Lachen bringen. Deswegen teile ich mit euch die Momente, eingefangen durch ein Foto, und berichte, was mich inspiriert und bewegt hat. Ich hoffe ich kann es \u201eshort and sweet\u201c halten\u2026 <\/span><\/p>\n","protected":false},"excerpt":{"rendered":"<p>Liebe Friends, Nach einem Monat in den USA habe ich nat\u00fcrlich einiges erlebt. Jedes Mal habe ich an euch gedacht und war traurig, dass ihr nicht dabei sein k\u00f6nnt! Gerne w\u00fcrde ich euch die Menschen vorstellen, die ich getroffen habe, die Situationen miterleben lassen, die mich [immer noch] nachdenklich machen, die Statements h\u00f6ren lassen, die [&hellip;]<\/p>\n","protected":false},"author":50,"featured_media":0,"parent":0,"menu_order":0,"comment_status":"closed","ping_status":"closed","template":"","meta":{"footnotes":"","_links_to":"","_links_to_target":""},"class_list":["post-22","page","type-page","status-publish","hentry"],"_links":{"self":[{"href":"https:\/\/35ppp.de\/clara\/wp-json\/wp\/v2\/pages\/22","targetHints":{"allow":["GET"]}}],"collection":[{"href":"https:\/\/35ppp.de\/clara\/wp-json\/wp\/v2\/pages"}],"about":[{"href":"https:\/\/35ppp.de\/clara\/wp-json\/wp\/v2\/types\/page"}],"author":[{"embeddable":true,"href":"https:\/\/35ppp.de\/clara\/wp-json\/wp\/v2\/users\/50"}],"replies":[{"embeddable":true,"href":"https:\/\/35ppp.de\/clara\/wp-json\/wp\/v2\/comments?post=22"}],"version-history":[{"count":3,"href":"https:\/\/35ppp.de\/clara\/wp-json\/wp\/v2\/pages\/22\/revisions"}],"predecessor-version":[{"id":25,"href":"https:\/\/35ppp.de\/clara\/wp-json\/wp\/v2\/pages\/22\/revisions\/25"}],"wp:attachment":[{"href":"https:\/\/35ppp.de\/clara\/wp-json\/wp\/v2\/media?parent=22"}],"curies":[{"name":"wp","href":"https:\/\/api.w.org\/{rel}","templated":true}]}}