{"id":25,"date":"2018-08-21T19:52:56","date_gmt":"2018-08-21T17:52:56","guid":{"rendered":"http:\/\/35ppp.de\/caroline\/?page_id=25"},"modified":"2018-08-21T20:08:13","modified_gmt":"2018-08-21T18:08:13","slug":"ueber-mich","status":"publish","type":"page","link":"https:\/\/35ppp.de\/caroline\/ueber-mich\/","title":{"rendered":"35. Parlamentarisches Patenschafts Programm \/ CBYX"},"content":{"rendered":"<p>Als <strong>USA-Stipendium<\/strong> f\u00fcr Auszubildende und junge Berufst\u00e4tige ist das PPP etwas ganz Besonderes: Parlamentarier betreuen jeweils einen Stipendiaten als \u201ePatenkind\u201c w\u00e4hrend des Austauschjahres; die Stipendiaten selbst gehen als Junior-Botschafter in die USA. Den Teilnehmenden bietet das PPP dabei\u00a0einen umfassenden Einblick in das amerikanische Alltagsleben: Leben in einer Gastfamilie, Besuch eines College und Praktikum in einem US-Unternehmen sind Teil des Programms.<\/p>\n<p>Als vor \u00fcber\u00a0300 Jahren die ersten deutschen Auswanderer \u00fcber den Atlantik nach Nordamerika kamen, begann f\u00fcr beide Staaten ein neues Kapitel des internationalen Austauschs. Der 300. Jahrestag der Einwanderung war f\u00fcr den Deutschen Bundestag und den Kongress der Vereinigten Staaten von Amerika daher 1983 auch ein willkommener Anlass, ein Programm ins Leben zu rufen, das diesen Austausch bereichert: das Parlamentarische Patenschafts-Programm \u2013 oder kurz PPP.<\/p>\n<p>Die Ziele:<\/p>\n<ul>\n<li>Junge Menschen beider L\u00e4nder entwickeln ein fundiertes Verst\u00e4ndnis voneinander.<\/li>\n<li>Sie bauen gegenseitige Vorurteile und Klischees ab.<\/li>\n<li>Sie lernen gesellschaftliche, kulturelle und politische Gemeinsamkeiten und Unterschiede beider L\u00e4nder kennen und verstehen.<\/li>\n<li>Durch den Austausch werden zwischenmenschliche Beziehungen und Netzwerke gef\u00f6rdert.<\/li>\n<li>Die Pers\u00f6nlichkeit der Teilnehmenden wird gest\u00e4rkt.<\/li>\n<li>Die Teilnehmenden erweitern ihre Sprachkenntnisse.<\/li>\n<li>Die Teilnehmenden erweitern ihre berufspraktischen Erfahrungen und ihre internationale Arbeitserfahrung.<\/li>\n<\/ul>\n<p>&nbsp;<\/p>\n<p>Lest auch den Artikel \u00fcber mich unter: <a href=\"http:\/\/usappp.de\/carolines-vorfreude-auf-die-usa\/\">http:\/\/usappp.de\/carolines-vorfreude-auf-die-usa\/<\/a><\/p>\n","protected":false},"excerpt":{"rendered":"<p>Als USA-Stipendium f\u00fcr Auszubildende und junge Berufst\u00e4tige ist das PPP etwas ganz Besonderes: Parlamentarier betreuen jeweils einen Stipendiaten als \u201ePatenkind\u201c w\u00e4hrend des Austauschjahres; die Stipendiaten selbst gehen als Junior-Botschafter in die USA. Den Teilnehmenden bietet das PPP dabei\u00a0einen umfassenden Einblick in das amerikanische Alltagsleben: Leben in einer Gastfamilie, Besuch eines College und Praktikum in einem [&hellip;]<\/p>\n","protected":false},"author":29,"featured_media":0,"parent":0,"menu_order":0,"comment_status":"closed","ping_status":"closed","template":"","meta":{"footnotes":"","_links_to":"","_links_to_target":""},"class_list":["post-25","page","type-page","status-publish","hentry"],"_links":{"self":[{"href":"https:\/\/35ppp.de\/caroline\/wp-json\/wp\/v2\/pages\/25","targetHints":{"allow":["GET"]}}],"collection":[{"href":"https:\/\/35ppp.de\/caroline\/wp-json\/wp\/v2\/pages"}],"about":[{"href":"https:\/\/35ppp.de\/caroline\/wp-json\/wp\/v2\/types\/page"}],"author":[{"embeddable":true,"href":"https:\/\/35ppp.de\/caroline\/wp-json\/wp\/v2\/users\/29"}],"replies":[{"embeddable":true,"href":"https:\/\/35ppp.de\/caroline\/wp-json\/wp\/v2\/comments?post=25"}],"version-history":[{"count":4,"href":"https:\/\/35ppp.de\/caroline\/wp-json\/wp\/v2\/pages\/25\/revisions"}],"predecessor-version":[{"id":33,"href":"https:\/\/35ppp.de\/caroline\/wp-json\/wp\/v2\/pages\/25\/revisions\/33"}],"wp:attachment":[{"href":"https:\/\/35ppp.de\/caroline\/wp-json\/wp\/v2\/media?parent=25"}],"curies":[{"name":"wp","href":"https:\/\/api.w.org\/{rel}","templated":true}]}}